{"id":449,"date":"2026-02-05T11:10:05","date_gmt":"2026-02-05T10:10:05","guid":{"rendered":"https:\/\/dev.basquefik.com\/?page_id=449"},"modified":"2026-02-05T11:36:25","modified_gmt":"2026-02-05T10:36:25","slug":"lege-oharra","status":"publish","type":"page","link":"https:\/\/dev.basquefik.com\/eu\/lege-informazioa\/lege-oharra\/","title":{"rendered":"Lege-oharra"},"content":{"rendered":"\n<h3 class=\"wp-block-heading\">1. Identificaci\u00f3n y titularidad<\/h3>\n\n\n\n<p>En cumplimiento de lo dispuesto en el art\u00edculo 10 de la Ley 34\/2002, de 11 de julio, de Servicios de la Sociedad de la Informaci\u00f3n y de Comercio Electr\u00f3nico (LSSI-CE), les informamos que el presente sitio web, accesible a trav\u00e9s del subdominio <strong>timeline.basquefik.com<\/strong> (en adelante, el \u201cSitio Web\u201d, la \u201cPlataforma\u201d o el \u201cPortal Web\u201d), es titularidad de <strong>BASQUEFIK<\/strong>, cuyos datos identificativos son los siguientes:<\/p>\n\n\n\n<ul class=\"wp-block-list\">\n<li><strong>Denominaci\u00f3n social:<\/strong> EUSKADIKO FINANTZA ETA INBERTSIO KLUSTER ELKARTEA \u2013 BASQUE FINANCE AND INVESTMENT CLUSTER ASSOCIATION (en adelante, el \u201cResponsable\u201d o \u201cBASQUEFIK\u201d).<\/li>\n\n\n\n<li><strong>N.I.F:<\/strong> G-70926639.<\/li>\n\n\n\n<li><strong>Domicilio social:<\/strong> Bilbao (48001 \u2013 Bizkaia), calle Jos\u00e9 Mar\u00eda Olabarri 1, edificio \u201cBolsa de Bilbao \u2013 Bilboko Burtsa.<\/li>\n\n\n\n<li><strong>Datos registrales:<\/strong> Inscrita en el Registro General de Asociaciones del Pa\u00eds Vasco con el n\u00famero AS\/B\/25649\/2024.<\/li>\n\n\n\n<li><strong>Contacto:<\/strong> <a href=\"mailto:komunikazioa@basquefik.com\" target=\"_blank\" rel=\"noreferrer noopener\">komunikazioa@basquefik.com<\/a><\/li>\n<\/ul>\n\n\n\n<h3 class=\"wp-block-heading\">2. Condiciones de uso<\/h3>\n\n\n\n<p>El acceso y uso de este subdominio (<code>timeline.basquefik.com<\/code>) se rige por las normas establecidas en el presente aviso legal. Con su utilizaci\u00f3n, usted adquiere la condici\u00f3n de <strong>Usuario<\/strong> y acepta plenamente las condiciones de uso aqu\u00ed establecidas. Si no estuviera conforme con todas y cada una de estas cl\u00e1usulas y condiciones, le rogamos se abstenga de utilizar este Sitio Web.<\/p>\n\n\n\n<p>Asimismo, es posible que actualicemos peri\u00f3dicamente el presente aviso legal. Por ello, le recomendamos revisarlo cada vez que acceda a la Plataforma, con el objetivo de estar adecuadamente informado.<\/p>\n\n\n\n<p>A trav\u00e9s de este Sitio Web, BASQUEFIK facilita el acceso y la utilizaci\u00f3n de diversos contenidos, herramientas o funcionalidades propios o de sus colaboradores. A tal efecto, el Usuario est\u00e1 obligado y se compromete a no utilizar cualquiera de los contenidos del Sitio Web con fines o efectos il\u00edcitos, prohibidos en este aviso legal o por la legislaci\u00f3n vigente, lesivos de los derechos e intereses de terceros, o que de cualquier forma puedan da\u00f1ar, inutilizar, sobrecargar, deteriorar o impedir la normal utilizaci\u00f3n de los contenidos, los equipos inform\u00e1ticos o los documentos, archivos y toda clase de contenidos almacenados en cualquier equipo inform\u00e1tico, propios o contratados por el Responsable, de otros usuarios o de cualquier usuario de Internet.<\/p>\n\n\n\n<p><strong>Uso de credenciales y acceso restringido:<\/strong> Si para acceder a servicios espec\u00edficos o funcionalidades dentro de <code>timeline.basquefik.com<\/code>, se le proporcionara una contrase\u00f1a o credenciales de acceso, el Usuario se obliga a usarlas de manera diligente, manteni\u00e9ndolas en todo momento en secreto. En consecuencia, ser\u00e1 responsable de su adecuada custodia y confidencialidad, comprometi\u00e9ndose a no cederlas a terceros, de manera temporal o permanente, ni a permitir el acceso a los mencionados servicios y\/o contenidos por parte de personas ajenas.<\/p>\n\n\n\n<p>Igualmente, el Usuario se obliga a notificar a BASQUEFIK de forma inmediata a trav\u00e9s del correo electr\u00f3nico indicado en el apartado 1, cualquier hecho que pueda suponer un uso indebido de su contrase\u00f1a, como, a t\u00edtulo enunciativo y no limitativo, su robo, extrav\u00edo o el acceso no autorizado, con el fin de proceder a su inmediata cancelaci\u00f3n o bloqueo.<\/p>\n\n\n\n<p>Mientras no efect\u00fae la notificaci\u00f3n anterior, BASQUEFIK quedar\u00e1 eximida de cualquier responsabilidad que pudiera derivarse del uso indebido de su contrase\u00f1a, siendo de su responsabilidad cualquier uso il\u00edcito de los contenidos y\/o servicios del Sitio Web por cualquier tercero. Si de manera negligente o dolosa incumpliera cualquiera de las obligaciones establecidas en el presente aviso legal, responder\u00e1 por todos los da\u00f1os y perjuicios que de dicho incumplimiento pudieran derivarse para el Responsable.<\/p>\n\n\n\n<h3 class=\"wp-block-heading\">3. Propiedad intelectual e industrial<\/h3>\n\n\n\n<p><strong>\u00a9 2025-2026 BASQUEFIK \u00b7 Todos los derechos reservados<\/strong><\/p>\n\n\n\n<p>Todos aquellos contenidos incluidos en el presente Sitio Web y subdominio asociado, y en particular las marcas, nombres comerciales, dise\u00f1os industriales, textos, fotograf\u00edas, gr\u00e1ficos, logotipos, iconos, software, c\u00f3digo fuente o cualesquiera otros signos susceptibles de utilizaci\u00f3n industrial y comercial est\u00e1n protegidos por derechos de propiedad industrial e intelectual de BASQUEFIK o de terceros titulares de los mismos que han autorizado su inclusi\u00f3n en el Sitio Web.<\/p>\n\n\n\n<p>Queda por lo tanto prohibida cualquier utilizaci\u00f3n y\/o reproducci\u00f3n de los mismos sin consentimiento expreso de BASQUEFIK a trav\u00e9s de cualquier medio, incluyendo Internet, nombres de dominio, redes sociales, p\u00e1ginas webs, blogs, foros, etc.<\/p>\n\n\n\n<p>El Sitio Web o cualquier parte de este no se podr\u00e1 reproducir, duplicar, copiar, vender, revender ni explotar para cualquier fin comercial o de otro tipo que no est\u00e9 expresamente permitido por el Responsable. Por todo ello el usuario se compromete a no reproducir, copiar, distribuir, poner a disposici\u00f3n o de cualquier otra forma comunicar p\u00fablicamente, transformar o modificar cualquier contenido del Sitio Web, manteniendo indemne a BASQUEFIK de cualquier reclamaci\u00f3n que se derive del incumplimiento de tales obligaciones.<\/p>\n\n\n\n<h3 class=\"wp-block-heading\">4. Exenci\u00f3n de responsabilidad respecto a contenido de terceros<\/h3>\n\n\n\n<p>BASQUEFIK declina cualquier responsabilidad respecto a la informaci\u00f3n que se halle fuera de este subdominio y que no sea gestionada directamente por nuestro webmaster. La funci\u00f3n de los enlaces que, en su caso, aparezcan en este Sitio Web es exclusivamente la de informar al usuario sobre la existencia de otras fuentes de informaci\u00f3n sobre la materia en Internet, donde podr\u00e1 ampliar los datos ofrecidos en este Sitio Web.<\/p>\n\n\n\n<p>Dichos enlaces no suponen ninguna sugerencia, invitaci\u00f3n ni recomendaci\u00f3n para la visita de los lugares de destino, y por ello, el Responsable no ser\u00e1 responsable del resultado obtenido de la utilizaci\u00f3n de dichos enlaces hipertextuales. En ninguna circunstancia, BASQUEFIK ser\u00e1 responsable ante terceros por cualquier da\u00f1o directo o indirecto, econ\u00f3mico, p\u00e9rdida de clientela o p\u00e9rdida de ganancias resultado del uso del Sitio Web.<\/p>\n\n\n\n<h3 class=\"wp-block-heading\">5. Responsabilidad de BASQUEFIK<\/h3>\n\n\n\n<p>El usuario asume que el Sitio Web pueda contener errores tipogr\u00e1ficos o de cualquier otro tipo que hayan podido pasar inadvertidos para el Responsable. Los mismos ser\u00e1n corregidos a discreci\u00f3n de BASQUEFIK, a medida que se identifiquen. El Responsable declina cualquier tipo de responsabilidad a este respecto. El Portal Web podr\u00e1, asimismo, ser actualizado peri\u00f3dicamente (contenido y dise\u00f1o), a discreci\u00f3n de BASQUEFIK.<\/p>\n\n\n\n<p>El usuario debe saber que las comunicaciones a trav\u00e9s de redes abiertas est\u00e1n expuestas a una pluralidad de amenazas que hacen que no sean seguras. Es responsabilidad del usuario adoptar todas las medidas t\u00e9cnicas adecuadas para controlar razonablemente estas amenazas y, entre ellas, el tener sistemas actualizados de detecci\u00f3n de software malicioso, tales como virus, troyanos, etc., as\u00ed como tener actualizados los parches de seguridad de los correspondientes navegadores.<\/p>\n\n\n\n<p>Con el alcance m\u00e1ximo permitido por la normativa aplicable, el Responsable no se responsabiliza de los da\u00f1os y perjuicios causados al usuario como consecuencia de riesgos inherentes al medio empleado, ni de los ocasionados por las vulnerabilidades en sus sistemas y herramientas.<\/p>\n\n\n\n<h3 class=\"wp-block-heading\">6. Ley aplicable<\/h3>\n\n\n\n<p>La ley aplicable en caso de disputa o conflicto de interpretaci\u00f3n de los t\u00e9rminos que conforman este aviso legal, as\u00ed como cualquier cuesti\u00f3n relacionada con los servicios del presente Portal Web, ser\u00e1 la ley espa\u00f1ola. Para la resoluci\u00f3n de cualquier controversia, las partes se someter\u00e1n a los Juzgados y Tribunales de Bilbao (Bizkaia), renunciando expresamente a cualquier otro fuero que pudiera corresponderles.<\/p>\n\n\n\n<p>En el supuesto de que cualquier estipulaci\u00f3n del presente aviso legal resultara inexigible o nula en virtud de la legislaci\u00f3n aplicable o como consecuencia de una resoluci\u00f3n judicial o administrativa, dicha inexigibilidad o nulidad no har\u00e1 que el resto de las obligaciones y cuestiones previstas en el aviso legal resulten inexigibles o nulas en su conjunto. En dichos casos, BASQUEFIK proceder\u00e1 a la modificaci\u00f3n o sustituci\u00f3n de dicha estipulaci\u00f3n por otra que sea v\u00e1lida y exigible y que, en la medida de lo posible, consiga el objetivo y pretensi\u00f3n reflejados en la estipulaci\u00f3n original.<\/p>\n","protected":false},"excerpt":{"rendered":"<p>1. Identificaci\u00f3n y titularidad En cumplimiento de lo dispuesto en el art\u00edculo 10 de la Ley 34\/2002, de 11 de julio, de Servicios de la Sociedad de la Informaci\u00f3n y de Comercio Electr\u00f3nico (LSSI-CE), les informamos que el presente sitio web, accesible a trav\u00e9s del subdominio timeline.basquefik.com (en adelante, el \u201cSitio Web\u201d, la \u201cPlataforma\u201d o [&hellip;]<\/p>\n","protected":false},"author":1,"featured_media":0,"parent":439,"menu_order":0,"comment_status":"closed","ping_status":"closed","template":"page-legal.php","meta":{"_acf_changed":false,"footnotes":""},"class_list":["post-449","page","type-page","status-publish","hentry"],"acf":[],"_links":{"self":[{"href":"https:\/\/dev.basquefik.com\/eu\/wp-json\/wp\/v2\/pages\/449","targetHints":{"allow":["GET"]}}],"collection":[{"href":"https:\/\/dev.basquefik.com\/eu\/wp-json\/wp\/v2\/pages"}],"about":[{"href":"https:\/\/dev.basquefik.com\/eu\/wp-json\/wp\/v2\/types\/page"}],"author":[{"embeddable":true,"href":"https:\/\/dev.basquefik.com\/eu\/wp-json\/wp\/v2\/users\/1"}],"replies":[{"embeddable":true,"href":"https:\/\/dev.basquefik.com\/eu\/wp-json\/wp\/v2\/comments?post=449"}],"version-history":[{"count":3,"href":"https:\/\/dev.basquefik.com\/eu\/wp-json\/wp\/v2\/pages\/449\/revisions"}],"predecessor-version":[{"id":480,"href":"https:\/\/dev.basquefik.com\/eu\/wp-json\/wp\/v2\/pages\/449\/revisions\/480"}],"up":[{"embeddable":true,"href":"https:\/\/dev.basquefik.com\/eu\/wp-json\/wp\/v2\/pages\/439"}],"wp:attachment":[{"href":"https:\/\/dev.basquefik.com\/eu\/wp-json\/wp\/v2\/media?parent=449"}],"curies":[{"name":"wp","href":"https:\/\/api.w.org\/{rel}","templated":true}]}}