{"id":460,"date":"2026-02-05T11:10:47","date_gmt":"2026-02-05T10:10:47","guid":{"rendered":"https:\/\/dev.basquefik.com\/?page_id=460"},"modified":"2026-02-05T11:38:44","modified_gmt":"2026-02-05T10:38:44","slug":"cookie-policy","status":"publish","type":"page","link":"https:\/\/dev.basquefik.com\/en\/legal-information\/cookie-policy\/","title":{"rendered":"Cookie Policy"},"content":{"rendered":"\n<p><strong>Fecha de vigencia:<\/strong> 5 de febrero de 2026<\/p>\n\n\n\n<p><strong>\u00daltima actualizaci\u00f3n:<\/strong> 05-Feb-2026<\/p>\n\n\n\n<h3 class=\"wp-block-heading\">1. \u00bfQu\u00e9 son las cookies?<\/h3>\n\n\n\n<p>Esta Pol\u00edtica de Cookies explica qu\u00e9 son las cookies y c\u00f3mo las utilizamos en el subdominio <strong>timeline.basquefik.com<\/strong> (en adelante, la &#8220;Plataforma&#8221;).<\/p>\n\n\n\n<p>Las cookies son peque\u00f1os archivos de texto que se utilizan para almacenar peque\u00f1as piezas de informaci\u00f3n. Se almacenan en su dispositivo cuando el sitio web se carga en su navegador. Estas cookies nos ayudan a hacer que la Plataforma funcione correctamente, a hacerla m\u00e1s segura, a proporcionar una mejor experiencia de uso y a entender c\u00f3mo funcionan nuestros servicios y analizar qu\u00e9 aspectos necesitan mejoras.<\/p>\n\n\n\n<h3 class=\"wp-block-heading\">2. \u00bfC\u00f3mo utilizamos las cookies?<\/h3>\n\n\n\n<p>Como la mayor\u00eda de los servicios en l\u00ednea, nuestra Plataforma utiliza cookies propias y de terceros para diversos fines:<\/p>\n\n\n\n<ul class=\"wp-block-list\">\n<li><strong>Cookies de origen (Propias):<\/strong> Son mayoritariamente necesarias para que la Plataforma funcione correctamente (login, seguridad, preferencias de sesi\u00f3n) y no recogen ning\u00fan dato personal que pueda identificarle fuera de este contexto.<\/li>\n\n\n\n<li><strong>Cookies de terceros:<\/strong> Sirven principalmente para comprender c\u00f3mo interact\u00faa usted con nuestra herramienta, mantener nuestros servicios seguros (ej. Cloudflare), y ofrecer m\u00e9tricas an\u00f3nimas de uso.<\/li>\n<\/ul>\n\n\n\n<h3 class=\"wp-block-heading\">3. Tipos de cookies que utilizamos<\/h3>\n\n\n\n<p>A continuaci\u00f3n, se detallan las cookies que se utilizan espec\u00edficamente en <code>timeline.basquefik.com<\/code>.<\/p>\n\n\n\n<p><em>(<strong>NOTA PARA EL DESARROLLADOR:<\/strong> Debes verificar si el subdominio &#8220;timeline&#8221; usa WordPress. Si es una herramienta a medida y no usa WordPress, debes eliminar las filas marcadas con &#8216;wp-&#8216; de esta tabla, ya que declarar cookies que no se usan es incorrecto).<\/em><\/p>\n\n\n\n<h4 class=\"wp-block-heading\">Necesarias<\/h4>\n\n\n\n<p>Las cookies necesarias son cruciales para las funciones b\u00e1sicas de la Plataforma y el sitio web no funcionar\u00e1 de la forma prevista sin ellas. Estas cookies no almacenan ning\u00fan dato de identificaci\u00f3n personal rastreable.<\/p>\n\n\n\n<figure class=\"wp-block-table\"><table class=\"has-fixed-layout\"><thead><tr><td><strong>Cookie<\/strong><\/td><td><strong>Duraci\u00f3n<\/strong><\/td><td><strong>Descripci\u00f3n<\/strong><\/td><\/tr><\/thead><tbody><tr><td><strong>JSESSIONID<\/strong><\/td><td>Sesi\u00f3n<\/td><td>Utilizada habitualmente para mantener la sesi\u00f3n de usuario activa en aplicaciones web y monitorear el estado de la aplicaci\u00f3n (ej. a trav\u00e9s de New Relic o servidores Java).<\/td><\/tr><tr><td><strong>__cf_bm<\/strong><\/td><td>30 min<\/td><td>Cloudflare establece esta cookie para soportar la gesti\u00f3n de bots y proteger la seguridad del sitio.<\/td><\/tr><tr><td><strong>li_gc<\/strong><\/td><td>6 meses<\/td><td>LinkedIn establece esta cookie para almacenar el consentimiento del visitante con respecto al uso de cookies para fines no esenciales.<\/td><\/tr><tr><td><strong>wpEmojiSettings<\/strong><\/td><td>Sesi\u00f3n<\/td><td><em>(Verificar si aplica)<\/em> WordPress establece esta cookie cuando un usuario interact\u00faa con emojis.<\/td><\/tr><\/tbody><\/table><\/figure>\n\n\n\n<h4 class=\"wp-block-heading\">Funcionales<\/h4>\n\n\n\n<p>Las cookies funcionales ayudan a realizar ciertas funcionalidades, como recordar el idioma seleccionado o permitir compartir contenido.<\/p>\n\n\n\n<figure class=\"wp-block-table\"><table class=\"has-fixed-layout\"><thead><tr><td><strong>Cookie<\/strong><\/td><td><strong>Duraci\u00f3n<\/strong><\/td><td><strong>Descripci\u00f3n<\/strong><\/td><\/tr><\/thead><tbody><tr><td><strong>lang<\/strong><\/td><td>Sesi\u00f3n<\/td><td>LinkedIn establece esta cookie para recordar la configuraci\u00f3n del idioma del usuario.<\/td><\/tr><tr><td><strong>lidc<\/strong><\/td><td>1 d\u00eda<\/td><td>LinkedIn establece la cookie lidc para facilitar la selecci\u00f3n del centro de datos.<\/td><\/tr><tr><td><strong>wp-wpml_&#8230;<\/strong><\/td><td>Sesi\u00f3n<\/td><td><em>(Verificar si aplica)<\/em> Cookie del plugin multiling\u00fce de WordPress para guardar el idioma.<\/td><\/tr><\/tbody><\/table><\/figure>\n\n\n\n<h4 class=\"wp-block-heading\">Anal\u00edticas<\/h4>\n\n\n\n<p>Las cookies anal\u00edticas se utilizan para comprender c\u00f3mo interact\u00faan los visitantes con la Plataforma.<\/p>\n\n\n\n<figure class=\"wp-block-table\"><table class=\"has-fixed-layout\"><thead><tr><td><strong>Cookie<\/strong><\/td><td><strong>Duraci\u00f3n<\/strong><\/td><td><strong>Descripci\u00f3n<\/strong><\/td><\/tr><\/thead><tbody><tr><td><strong>_ga<\/strong><\/td><td>2 a\u00f1os<\/td><td>Google Analytics establece esta cookie para calcular los datos de los visitantes, de las sesiones y campa\u00f1as y realizar seguimiento del uso del sitio.<\/td><\/tr><tr><td><strong>_ga_X<\/strong><\/td><td>2 a\u00f1os<\/td><td>Google Analytics establece esta cookie para almacenar y contar las visitas de p\u00e1gina (Persistencia de sesi\u00f3n).<\/td><\/tr><tr><td><strong>_gcl_au<\/strong><\/td><td>3 meses<\/td><td>Google Tag Manager utiliza esta cookie para experimentar la eficacia publicitaria y de conversiones.<\/td><\/tr><\/tbody><\/table><\/figure>\n\n\n\n<h4 class=\"wp-block-heading\">Publicidad \/ Marketing<\/h4>\n\n\n\n<p>Las cookies publicitarias se utilizan para entregar anuncios personalizados o analizar la efectividad de campa\u00f1as (generalmente provenientes de redes sociales).<\/p>\n\n\n\n<figure class=\"wp-block-table\"><table class=\"has-fixed-layout\"><thead><tr><td><strong>Cookie<\/strong><\/td><td><strong>Duraci\u00f3n<\/strong><\/td><td><strong>Descripci\u00f3n<\/strong><\/td><\/tr><\/thead><tbody><tr><td><strong>bcookie<\/strong><\/td><td>1 a\u00f1o<\/td><td>LinkedIn: Identificador del navegador para reconocer al usuario en la red social.<\/td><\/tr><tr><td><strong>bscookie<\/strong><\/td><td>1 a\u00f1o<\/td><td>LinkedIn: Almacena las acciones realizadas en el sitio web para sincronizarlas con la red social.<\/td><\/tr><\/tbody><\/table><\/figure>\n\n\n\n<h4 class=\"wp-block-heading\">No categorizadas<\/h4>\n\n\n\n<p>Otras cookies que se est\u00e1n analizando y a\u00fan no se han clasificado en una categor\u00eda.<\/p>\n\n\n\n<figure class=\"wp-block-table\"><table class=\"has-fixed-layout\"><thead><tr><td><strong>Cookie<\/strong><\/td><td><strong>Duraci\u00f3n<\/strong><\/td><td><strong>Descripci\u00f3n<\/strong><\/td><\/tr><\/thead><tbody><tr><td><strong>li_alerts<\/strong><\/td><td>1 a\u00f1o<\/td><td>Cookie t\u00e9cnica de LinkedIn (descripci\u00f3n pendiente de proveedor).<\/td><\/tr><\/tbody><\/table><\/figure>\n\n\n\n<hr class=\"wp-block-separator has-alpha-channel-opacity\"\/>\n\n\n\n<h3 class=\"wp-block-heading\">4. Configura tus preferencias de cookies<\/h3>\n\n\n\n<p>Puede cambiar sus preferencias sobre cookies en cualquier momento. Dependiendo de la configuraci\u00f3n de nuestra web, encontrar\u00e1 un icono de &#8220;cookies&#8221; o un enlace &#8220;Configuraci\u00f3n de Cookies&#8221; en el pie de p\u00e1gina que le permitir\u00e1 volver a abrir el banner de consentimiento y modificar sus preferencias o retirar su consentimiento de inmediato.<\/p>\n\n\n\n<p>Adem\u00e1s, los distintos navegadores ofrecen diferentes m\u00e9todos para bloquear y eliminar las cookies utilizadas por los sitios web. A continuaci\u00f3n se indican los enlaces oficiales sobre c\u00f3mo gestionar las cookies en los principales navegadores:<\/p>\n\n\n\n<ul class=\"wp-block-list\">\n<li><strong>Google Chrome:<\/strong> <a href=\"https:\/\/support.google.com\/accounts\/answer\/32050?authuser=2\" target=\"_blank\" rel=\"noreferrer noopener nofollow\">Ver soporte<\/a><\/li>\n\n\n\n<li><strong>Safari (Apple):<\/strong> <a href=\"https:\/\/support.apple.com\/es-es\/guide\/safari\/sfri11471\/mac\" target=\"_blank\" rel=\"noreferrer noopener nofollow\">Ver soporte<\/a><\/li>\n\n\n\n<li><strong>Mozilla Firefox:<\/strong> <a href=\"https:\/\/www.google.com\/search?q=https:\/\/support.mozilla.org\/es\/kb\/borrar-cookies&amp;authuser=2\" target=\"_blank\" rel=\"noreferrer noopener nofollow\">Ver soporte<\/a><\/li>\n\n\n\n<li><strong>Microsoft Edge:<\/strong> <a href=\"https:\/\/www.google.com\/search?q=https:\/\/support.microsoft.com\/es-es\/microsoft-edge\/eliminar-las-cookies-en-microsoft-edge-63947406-40ac-c23d-783c-203378dd405d&amp;authuser=2\" target=\"_blank\" rel=\"noreferrer noopener nofollow\">Ver soporte<\/a><\/li>\n<\/ul>\n","protected":false},"excerpt":{"rendered":"<p>Fecha de vigencia: 5 de febrero de 2026 \u00daltima actualizaci\u00f3n: 05-Feb-2026 1. \u00bfQu\u00e9 son las cookies? Esta Pol\u00edtica de Cookies explica qu\u00e9 son las cookies y c\u00f3mo las utilizamos en el subdominio timeline.basquefik.com (en adelante, la &#8220;Plataforma&#8221;). Las cookies son peque\u00f1os archivos de texto que se utilizan para almacenar peque\u00f1as piezas de informaci\u00f3n. Se almacenan [&hellip;]<\/p>\n","protected":false},"author":1,"featured_media":0,"parent":262,"menu_order":0,"comment_status":"closed","ping_status":"closed","template":"page-legal.php","meta":{"_acf_changed":false,"footnotes":""},"class_list":["post-460","page","type-page","status-publish","hentry"],"acf":[],"_links":{"self":[{"href":"https:\/\/dev.basquefik.com\/en\/wp-json\/wp\/v2\/pages\/460","targetHints":{"allow":["GET"]}}],"collection":[{"href":"https:\/\/dev.basquefik.com\/en\/wp-json\/wp\/v2\/pages"}],"about":[{"href":"https:\/\/dev.basquefik.com\/en\/wp-json\/wp\/v2\/types\/page"}],"author":[{"embeddable":true,"href":"https:\/\/dev.basquefik.com\/en\/wp-json\/wp\/v2\/users\/1"}],"replies":[{"embeddable":true,"href":"https:\/\/dev.basquefik.com\/en\/wp-json\/wp\/v2\/comments?post=460"}],"version-history":[{"count":3,"href":"https:\/\/dev.basquefik.com\/en\/wp-json\/wp\/v2\/pages\/460\/revisions"}],"predecessor-version":[{"id":486,"href":"https:\/\/dev.basquefik.com\/en\/wp-json\/wp\/v2\/pages\/460\/revisions\/486"}],"up":[{"embeddable":true,"href":"https:\/\/dev.basquefik.com\/en\/wp-json\/wp\/v2\/pages\/262"}],"wp:attachment":[{"href":"https:\/\/dev.basquefik.com\/en\/wp-json\/wp\/v2\/media?parent=460"}],"curies":[{"name":"wp","href":"https:\/\/api.w.org\/{rel}","templated":true}]}}